{"id":12647,"date":"2021-07-04T14:43:23","date_gmt":"2021-07-04T14:43:23","guid":{"rendered":"https:\/\/iesi-europe.eu\/fr\/?page_id=12647"},"modified":"2021-07-04T14:57:20","modified_gmt":"2021-07-04T14:57:20","slug":"mentions-legales","status":"publish","type":"page","link":"https:\/\/iesi-europe.eu\/fr\/mentions-legales\/","title":{"rendered":"Mentions l\u00e9gales"},"content":{"rendered":"<p>[et_pb_section fb_built=\u00a0\u00bb1&Prime; next_background_color=\u00a0\u00bb#ffffff\u00a0\u00bb _builder_version=\u00a0\u00bb4.9.0&Prime; _module_preset=\u00a0\u00bbdefault\u00a0\u00bb background_color=\u00a0\u00bb#F6CE18&Prime; bottom_divider_style=\u00a0\u00bbcurve2&Prime; bottom_divider_height=\u00a0\u00bb45px\u00a0\u00bb saved_tabs=\u00a0\u00bball\u00a0\u00bb global_module=\u00a0\u00bb1248&Prime;][et_pb_row _builder_version=\u00a0\u00bb4.9.0&Prime; _module_preset=\u00a0\u00bbdefault\u00a0\u00bb][et_pb_column type=\u00a0\u00bb4_4&Prime; _builder_version=\u00a0\u00bb4.9.0&Prime; _module_preset=\u00a0\u00bbdefault\u00a0\u00bb][et_pb_post_title meta=\u00a0\u00bboff\u00a0\u00bb featured_image=\u00a0\u00bboff\u00a0\u00bb _builder_version=\u00a0\u00bb4.9.0&Prime; _module_preset=\u00a0\u00bbdefault\u00a0\u00bb title_font=\u00a0\u00bb|||on|||||\u00a0\u00bb title_text_align=\u00a0\u00bbcenter\u00a0\u00bb][\/et_pb_post_title][\/et_pb_column][\/et_pb_row][\/et_pb_section][et_pb_section fb_built=\u00a0\u00bb1&Prime; _builder_version=\u00a0\u00bb4.9.7&Prime; _module_preset=\u00a0\u00bbdefault\u00a0\u00bb][et_pb_row _builder_version=\u00a0\u00bb4.9.7&Prime; _module_preset=\u00a0\u00bbdefault\u00a0\u00bb][et_pb_column _builder_version=\u00a0\u00bb4.9.7&Prime; _module_preset=\u00a0\u00bbdefault\u00a0\u00bb type=\u00a0\u00bb4_4&Prime;][et_pb_text _builder_version=\u00a0\u00bb4.9.7&Prime; _module_preset=\u00a0\u00bbdefault\u00a0\u00bb hover_enabled=\u00a0\u00bb0&Prime; sticky_enabled=\u00a0\u00bb0&Prime;]<\/p>\n<p>En vertu de\u00a0la loi n\u00b02004-575 du 21 juin 2004, dite Loi de confiance dans l\u2019\u00e9conomie num\u00e9rique (LCEN), IESI informe les visiteurs du site des pr\u00e9sentes mentions l\u00e9gales.<br \/>La connexion, l\u2019utilisation et l\u2019acc\u00e8s\u00a0au site de IESI implique l\u2019acceptation int\u00e9grale et sans r\u00e9serve de l\u2019internaute de toutes les dispositions des pr\u00e9sentes Mentions L\u00e9gales.<br \/><strong>Article 1 : \u00c9diteur du site<\/strong><br \/>Le site\u00a0https:\/\/iesi-europe.eu\/fr\u00a0est \u00e9dit\u00e9 par IESI.<br \/>Adresse :\u00a0IESI, Bridge Building Avenue Charles-Quint 584, Brussels, 1082, Belgium<br \/>Contact : contact[@]iesi-europe.eu<\/p>\n<p><strong>Article 2 : H\u00e9bergeur du site<\/strong><br \/>PlanetHoster<br \/>Adresse : 4416 Louis-B.-Mayer, Laval, Qu\u00e9bec, Canada H7P 0G1<br \/>Site de Paris<br \/>T\u00e9l. : + 33 1 76 60 41 43<br \/>Site web :\u00a0www.planethoster.net\/fr\u00a0<\/p>\n<p><strong>Article 3 : Traitement des donn\u00e9es<\/strong><br \/>Les donn\u00e9es recueillies ne sont ni vendues, ni \u00e9chang\u00e9es, ni c\u00e9d\u00e9es \u00e0 des tiers. Elles servent uniquement \u00e0 des fins de traitement de votre demande et sont communiqu\u00e9es aux diff\u00e9rents services concern\u00e9s.<br \/>Cookies<br \/>Ce site est susceptible d&rsquo;enregistrer des \u00ab\u00a0cookies\u00a0\u00bb sur votre ordinateur. Il s&rsquo;agit d&rsquo;informations sur votre visite, consultables par le site si vous revenez le visiter ult\u00e9rieurement.<br \/>Cookies enregistr\u00e9s \u00e0 des fins d&rsquo;\u00e9tablissement de statistiques de fr\u00e9quentation. Leur cr\u00e9ation, leur enregistrement et leur traitement est r\u00e9alis\u00e9 par la soci\u00e9t\u00e9\u00a0Google.<br \/>Il vous est possible de refuser l&rsquo;enregistrement de telles informations en vous rendant dans les options (ou pr\u00e9f\u00e9rences) de votre navigateur internet, et en d\u00e9sactivant les cookies.<br \/>Pour plus d&rsquo;informations, vous pouvez vous r\u00e9f\u00e9rer aux conditions g\u00e9n\u00e9rales d&rsquo;utilisation de ce site.<\/p>\n<p><strong>Article 4 : Propri\u00e9t\u00e9 intellectuelle<\/strong><br \/>L\u2019int\u00e9gralit\u00e9 des textes et le logo, concernant le site www.iesi-europe.eu est enti\u00e8rement prot\u00e9g\u00e9 par le droit d\u2019auteur, des marques et droits de propri\u00e9t\u00e9 intellectuelle.<br \/>La totalit\u00e9 des donn\u00e9es appartiennent exclusivement \u00e0 iesi-europe.eu et il est strictement interdit aux visiteurs du site de reproduire, r\u00e9sumer, alt\u00e9rer, rediffuser ou modifier partiellement ou en totalit\u00e9 le contenu ou les illustrations y figurant pour son usage professionnel ou personnel.<br \/>La reproduction int\u00e9grale ou partielle a pour nom le duplicate content ou le plagiat qui repr\u00e9sente un d\u00e9lit passible d\u2019une amende de 300 000 euros et d\u2019une peine d\u2019emprisonnement de 3 ans. Cette violation, mesur\u00e9e \u00e0 du vol et de la contrefa\u00e7on, est s\u00e9v\u00e8rement punie par la loi qui prot\u00e8ge les droits d\u2019auteurs.<br \/>Le site www.iesi-europe.eu ne pourrait \u00eatre tenu comme coupable sur les utilisations r\u00e9alis\u00e9es par les utilisateurs des donn\u00e9es accessibles sur le site https:\/\/iesi-europe.eu\/fr<\/p>\n<p>[\/et_pb_text][\/et_pb_column][\/et_pb_row][\/et_pb_section]<\/p>\n","protected":false},"excerpt":{"rendered":"<p>En vertu de\u00a0la loi n\u00b02004-575 du 21 juin 2004, dite Loi de confiance dans l\u2019\u00e9conomie num\u00e9rique (LCEN), IESI informe les visiteurs du site des pr\u00e9sentes mentions l\u00e9gales.La connexion, l\u2019utilisation et l\u2019acc\u00e8s\u00a0au site de IESI implique l\u2019acceptation int\u00e9grale et sans r\u00e9serve de l\u2019internaute de toutes les dispositions des pr\u00e9sentes Mentions L\u00e9gales.Article 1 : \u00c9diteur du siteLe [&hellip;]<\/p>\n","protected":false},"author":1,"featured_media":0,"parent":0,"menu_order":0,"comment_status":"closed","ping_status":"closed","template":"","meta":{"_et_pb_use_builder":"on","_et_pb_old_content":"","_et_gb_content_width":"","footnotes":""},"class_list":["post-12647","page","type-page","status-publish","hentry"],"_links":{"self":[{"href":"https:\/\/iesi-europe.eu\/fr\/wp-json\/wp\/v2\/pages\/12647","targetHints":{"allow":["GET"]}}],"collection":[{"href":"https:\/\/iesi-europe.eu\/fr\/wp-json\/wp\/v2\/pages"}],"about":[{"href":"https:\/\/iesi-europe.eu\/fr\/wp-json\/wp\/v2\/types\/page"}],"author":[{"embeddable":true,"href":"https:\/\/iesi-europe.eu\/fr\/wp-json\/wp\/v2\/users\/1"}],"replies":[{"embeddable":true,"href":"https:\/\/iesi-europe.eu\/fr\/wp-json\/wp\/v2\/comments?post=12647"}],"version-history":[{"count":2,"href":"https:\/\/iesi-europe.eu\/fr\/wp-json\/wp\/v2\/pages\/12647\/revisions"}],"predecessor-version":[{"id":12650,"href":"https:\/\/iesi-europe.eu\/fr\/wp-json\/wp\/v2\/pages\/12647\/revisions\/12650"}],"wp:attachment":[{"href":"https:\/\/iesi-europe.eu\/fr\/wp-json\/wp\/v2\/media?parent=12647"}],"curies":[{"name":"wp","href":"https:\/\/api.w.org\/{rel}","templated":true}]}}